{"id":530,"date":"2022-06-01T12:30:24","date_gmt":"2022-06-01T04:30:24","guid":{"rendered":"https:\/\/cagland.com\/?post_type=product&#038;p=530"},"modified":"2023-04-26T21:51:12","modified_gmt":"2023-04-26T13:51:12","slug":"npt-cable-glands-thread-types-best-nylon","status":"publish","type":"product","link":"https:\/\/cagland.com\/es\/product\/npt-cable-glands-thread-types-best-nylon\/","title":{"rendered":"Prensaestopas NPT"},"content":{"rendered":"","protected":false},"excerpt":{"rendered":"<p>Un <strong>Prensaestopas NPT<\/strong> es un tipo de <a href=\"https:\/\/cagland.com\/es\/what-is-a-cable-gland-your-best-choice\/\" target=\"_blank\" rel=\"noopener\">prensaestopas<\/a> Se utiliza para asegurar y sellar cables el\u00e9ctricos que pasan a trav\u00e9s de un gabinete o panel. El t\u00e9rmino &quot;NPT&quot; significa National Pipe Taper, que se refiere al est\u00e1ndar estadounidense para roscas c\u00f3nicas utilizadas en tuber\u00edas y accesorios. Estos prensaestopas est\u00e1n dise\u00f1ados con una rosca c\u00f3nica que permite atornillarlos f\u00e1cilmente en armarios o paneles con las roscas correspondientes.<\/p>\n<p>Los prensaestopas NPT est\u00e1n hechos de materiales de alta calidad como Nylon y Nylon PA6 PP, estos prensaestopas pueden soportar temperaturas de trabajo que van desde -40 \u2103 a 100 \u2103, con tolerancias de temperatura a corto plazo de hasta 120 \u2103. Tienen una clasificaci\u00f3n de impermeabilidad IP68, estos prensaestopas son capaces de proteger sus cables y equipos de los entornos m\u00e1s duros.<\/p>\n<p>Una de las caracter\u00edsticas clave de la <a href=\"https:\/\/en.wikipedia.org\/wiki\/National_pipe_thread\" target=\"_blank\" rel=\"noopener\">Cable con rosca NPT<\/a> gl\u00e1ndulas es su personalizaci\u00f3n. Estos prensaestopas se pueden personalizar para cumplir con sus requisitos espec\u00edficos, incluidos el tama\u00f1o y la forma del punto de entrada del cable, el tipo de rosca y la cantidad de puntos de entrada. Adem\u00e1s, se pueden producir en una variedad de colores, incluidos gris, negro, blanco y rojo.<\/p>\n<p>Para personalizar a\u00fan m\u00e1s estos prensaestopas, tambi\u00e9n se pueden etiquetar con etiquetas OEM, lo que le permite promocionar su marca y mantener una marca uniforme en todo su equipo. En general, los prensaestopas con rosca NPT son una excelente opci\u00f3n para cualquiera que busque una soluci\u00f3n personalizable, resistente al agua y de grado industrial para la gesti\u00f3n de cables.<\/p>","protected":false},"featured_media":537,"template":"","meta":{"_kad_post_transparent":"default","_kad_post_title":"","_kad_post_layout":"default","_kad_post_sidebar_id":"","_kad_post_content_style":"default","_kad_post_vertical_padding":"default","_kad_post_feature":"","_kad_post_feature_position":"","_kad_post_header":false,"_kad_post_footer":false,"_kad_post_classname":""},"product_brand":[],"product_cat":[20,21],"product_tag":[449,452,443,448,455,453,445,127,125,447],"class_list":{"0":"post-530","1":"product","2":"type-product","3":"status-publish","4":"has-post-thumbnail","6":"product_cat-cable-gland","7":"product_cat-plastic-water-proof-cable-gland","8":"product_tag-cable-gland-with-npt-threads","9":"product_tag-explosion-proof-cable-gland-npt-thread","10":"product_tag-npt-cable-gland","11":"product_tag-npt-nylon-cable-glands","12":"product_tag-npt-standard-cable-glands","13":"product_tag-npt-strain-relief-cable-glands","14":"product_tag-npt-thread-cable-gland","15":"product_tag-npt-thread-cable-glands","16":"product_tag-npt-thread-glands","17":"product_tag-npt-thread-type-cable-gland","19":"first","20":"instock","21":"shipping-taxable","22":"product-type-simple","23":"entry","24":"content-bg","25":"loop-entry"},"_links":{"self":[{"href":"https:\/\/cagland.com\/es\/wp-json\/wp\/v2\/product\/530","targetHints":{"allow":["GET"]}}],"collection":[{"href":"https:\/\/cagland.com\/es\/wp-json\/wp\/v2\/product"}],"about":[{"href":"https:\/\/cagland.com\/es\/wp-json\/wp\/v2\/types\/product"}],"version-history":[{"count":0,"href":"https:\/\/cagland.com\/es\/wp-json\/wp\/v2\/product\/530\/revisions"}],"wp:featuredmedia":[{"embeddable":true,"href":"https:\/\/cagland.com\/es\/wp-json\/wp\/v2\/media\/537"}],"wp:attachment":[{"href":"https:\/\/cagland.com\/es\/wp-json\/wp\/v2\/media?parent=530"}],"wp:term":[{"taxonomy":"product_brand","embeddable":true,"href":"https:\/\/cagland.com\/es\/wp-json\/wp\/v2\/product_brand?post=530"},{"taxonomy":"product_cat","embeddable":true,"href":"https:\/\/cagland.com\/es\/wp-json\/wp\/v2\/product_cat?post=530"},{"taxonomy":"product_tag","embeddable":true,"href":"https:\/\/cagland.com\/es\/wp-json\/wp\/v2\/product_tag?post=530"}],"curies":[{"name":"wp","href":"https:\/\/api.w.org\/{rel}","templated":true}]}}