{"id":519,"date":"2022-06-01T10:29:07","date_gmt":"2022-06-01T02:29:07","guid":{"rendered":"https:\/\/cagland.com\/?post_type=product&#038;p=519"},"modified":"2023-04-26T21:51:31","modified_gmt":"2023-04-26T13:51:31","slug":"pg7-cable-gland-best-nylon-ip68-waterproof","status":"publish","type":"product","link":"https:\/\/cagland.com\/es\/product\/pg7-cable-gland-best-nylon-ip68-waterproof\/","title":{"rendered":"Prensaestopas PG"},"content":{"rendered":"","protected":false},"excerpt":{"rendered":"<p>un PG <a href=\"https:\/\/cagland.com\/es\/what-is-a-cable-gland-your-best-choice\/\" target=\"_blank\" rel=\"noopener\">prensaestopas<\/a> es un dispositivo que se utiliza para conectar y asegurar un cable el\u00e9ctrico a un recinto o pieza de equipo. El t\u00e9rmino &quot;PG&quot; significa &quot;<a href=\"https:\/\/de.wikipedia.org\/wiki\/Stahlpanzerrohrgewinde\" target=\"_blank\" rel=\"noopener\">PanzerGewinde<\/a>\u201d, que es la palabra alemana para hilo blindado. Estos prensaestopas est\u00e1n dise\u00f1ados para proporcionar una conexi\u00f3n segura y confiable, as\u00ed como para proteger el cable del polvo, la suciedad y la humedad.<\/p>\n<p>Uno de los tipos m\u00e1s comunes de prensaestopas PG es el prensaestopas pg7. Este tama\u00f1o generalmente se usa con cables m\u00e1s peque\u00f1os, como los que se encuentran en paneles de control o aplicaciones de instrumentaci\u00f3n. El prensaestopas pg7 cuenta con un collar roscado que se atornilla a la caja o al equipo, mientras que tambi\u00e9n comprime un sello de goma alrededor del cable para crear un sello a prueba de agua.<\/p>\n<p>Al seleccionar un prensaestopas pg7 para su aplicaci\u00f3n, es importante tener en cuenta factores como la compatibilidad de materiales, el rango de temperatura y las condiciones ambientales. Tambi\u00e9n es posible que deba elegir entre versiones est\u00e1ndar o EMC seg\u00fan sus requisitos espec\u00edficos. En general, los prensaestopas PG ofrecen una soluci\u00f3n simple pero efectiva para asegurar sus cables y protegerlos de elementos externos.<\/p>\n<p>Nuestra f\u00e1brica ofrece servicio OEM, <a href=\"https:\/\/en.wikipedia.org\/wiki\/Panzergewinde\" target=\"_blank\" rel=\"noopener\">Prensaestopas PG<\/a> est\u00e1n hechos de nailon, PA6, PP, lat\u00f3n, pvc y otros materiales personalizados de alta calidad, estos prensaestopas pueden soportar temperaturas que van desde -40 \u2103 a 100 \u2103 (con un uso a corto plazo de hasta 120 \u2103). Est\u00e1n disponibles en una gama de colores personalizados, incluidos gris, negro, blanco, rojo y otros colores personalizados, lo que facilita la combinaci\u00f3n de prensaestopas con su equipo o maquinaria.<\/p>\n<p>Los prensaestopas PG est\u00e1n disponibles en varios tama\u00f1os y se pueden personalizar para cumplir con sus requisitos espec\u00edficos.<\/p>","protected":false},"featured_media":526,"template":"","meta":{"_kad_post_transparent":"default","_kad_post_title":"","_kad_post_layout":"default","_kad_post_sidebar_id":"","_kad_post_content_style":"default","_kad_post_vertical_padding":"default","_kad_post_feature":"","_kad_post_feature_position":"","_kad_post_header":false,"_kad_post_footer":false,"_kad_post_classname":""},"product_brand":[],"product_cat":[20,21],"product_tag":[467,472,468,465,462,459,457,458,461,464,469,471,463,470,466,456,460,116,103,473],"class_list":{"0":"post-519","1":"product","2":"type-product","3":"status-publish","4":"has-post-thumbnail","6":"product_cat-cable-gland","7":"product_cat-plastic-water-proof-cable-gland","8":"product_tag-black-waterproof-connectors-pg7-cable-glands","9":"product_tag-brass-cable-gland-pg7","10":"product_tag-cable-gland-nylon-pg7","11":"product_tag-cable-glands-pg-thread-pg7","12":"product_tag-cable-glands-pg7-thread","13":"product_tag-pg-cable-gland","14":"product_tag-pg11-cable-gland","15":"product_tag-pg16-cable-gland","16":"product_tag-pg7-black-nylon-cable-glands","17":"product_tag-pg7-black-polyamide","18":"product_tag-pg7-brass-cable-gland","19":"product_tag-pg7-cable-gland-connector","20":"product_tag-pg7-ip68-waterproof-nylon-plastic-cable-gland","21":"product_tag-pg7-liquid-tight-cable-gland","22":"product_tag-pg7-nylon-cable-gands","23":"product_tag-pg7-nylon-waterproof-cable-glands","24":"product_tag-pg7-plastic-cable-gland","25":"product_tag-pg9-cable-gland","26":"product_tag-polymer-cable-gland-pg7-grey","27":"product_tag-pvc-cable-gland-pg7","29":"first","30":"instock","31":"featured","32":"shipping-taxable","33":"product-type-simple","34":"entry","35":"content-bg","36":"loop-entry"},"_links":{"self":[{"href":"https:\/\/cagland.com\/es\/wp-json\/wp\/v2\/product\/519","targetHints":{"allow":["GET"]}}],"collection":[{"href":"https:\/\/cagland.com\/es\/wp-json\/wp\/v2\/product"}],"about":[{"href":"https:\/\/cagland.com\/es\/wp-json\/wp\/v2\/types\/product"}],"version-history":[{"count":0,"href":"https:\/\/cagland.com\/es\/wp-json\/wp\/v2\/product\/519\/revisions"}],"wp:featuredmedia":[{"embeddable":true,"href":"https:\/\/cagland.com\/es\/wp-json\/wp\/v2\/media\/526"}],"wp:attachment":[{"href":"https:\/\/cagland.com\/es\/wp-json\/wp\/v2\/media?parent=519"}],"wp:term":[{"taxonomy":"product_brand","embeddable":true,"href":"https:\/\/cagland.com\/es\/wp-json\/wp\/v2\/product_brand?post=519"},{"taxonomy":"product_cat","embeddable":true,"href":"https:\/\/cagland.com\/es\/wp-json\/wp\/v2\/product_cat?post=519"},{"taxonomy":"product_tag","embeddable":true,"href":"https:\/\/cagland.com\/es\/wp-json\/wp\/v2\/product_tag?post=519"}],"curies":[{"name":"wp","href":"https:\/\/api.w.org\/{rel}","templated":true}]}}