{"id":629,"date":"2022-06-15T14:04:05","date_gmt":"2022-06-15T06:04:05","guid":{"rendered":"https:\/\/cagland.com\/?post_type=product&#038;p=629"},"modified":"2023-04-26T21:05:54","modified_gmt":"2023-04-26T13:05:54","slug":"cable-gland-accessories-multiple-hole-bushings","status":"publish","type":"product","link":"https:\/\/cagland.com\/de\/product\/cable-gland-accessories-multiple-hole-bushings\/","title":{"rendered":"Mehrlochbuchsen"},"content":{"rendered":"","protected":false},"excerpt":{"rendered":"<p>Mehrlochbuchsen sind unerl\u00e4sslich <strong>Zubeh\u00f6r f\u00fcr Kabelverschraubungen<\/strong> die \u00fcblicherweise in einer Vielzahl von industriellen und kommerziellen Anwendungen verwendet werden. Sie sind f\u00fcr die Arbeit mit verschiedenen Arten von <a href=\"https:\/\/cagland.com\/de\/what-is-a-cable-gland-your-best-choice\/\" target=\"_blank\" rel=\"noopener\">Kabelverschraubungen<\/a>, einschlie\u00dflich metrischer, PG-, G- und NPT-Kabelverschraubungen, und k\u00f6nnen mehrere Kabel und Dr\u00e4hte unterschiedlicher Gr\u00f6\u00dfe und Art aufnehmen.<\/p>\n<p>Diese Buchsen sind aus hochwertigen Materialien wie z <a href=\"https:\/\/en.wikipedia.org\/wiki\/Nylon\" target=\"_blank\" rel=\"noopener\">Nylon<\/a>, Silikonkautschuk, UL-zugelassene Materialien und explosionsgesch\u00fctzte Materialien, die ihre Haltbarkeit und Langlebigkeit gew\u00e4hrleisten. Sie bieten eine hervorragende Sto\u00df-, Abrieb- und Chemikalienbest\u00e4ndigkeit und eignen sich daher ideal f\u00fcr den Einsatz in rauen und anspruchsvollen Umgebungen.<\/p>\n<p>Zus\u00e4tzlich zu ihrer Kompatibilit\u00e4t mit Kabelverschraubungen sind Mehrfachlochdurchf\u00fchrungen auch Kabelverschraubungszubeh\u00f6r, das eine sichere und zuverl\u00e4ssige Abdichtung um Kabel und Dr\u00e4hte herum bietet. Sie verhindern das Eindringen von Staub, Schmutz und Feuchtigkeit und sorgen daf\u00fcr, dass die Kabel und Leitungen gut gesch\u00fctzt und gut gef\u00fchrt sind.<\/p>\n<p>Mehrlochbuchsen sind f\u00fcr den Betrieb in einem breiten Temperaturbereich ausgelegt, der von -40 \u2103 bis 105 \u2103 f\u00fcr kurze Zeit bis 120 \u2103 reicht. Dadurch eignen sie sich f\u00fcr den Einsatz unter extremen Temperaturbedingungen, bei denen andere Materialien versagen k\u00f6nnten.<\/p>","protected":false},"featured_media":635,"template":"","meta":{"_kad_post_transparent":"default","_kad_post_title":"","_kad_post_layout":"default","_kad_post_sidebar_id":"","_kad_post_content_style":"default","_kad_post_vertical_padding":"default","_kad_post_feature":"","_kad_post_feature_position":"","_kad_post_header":false,"_kad_post_footer":false,"_kad_post_classname":""},"product_brand":[],"product_cat":[20,23],"product_tag":[529,526,524,528,527,530,525,531],"class_list":{"0":"post-629","1":"product","2":"type-product","3":"status-publish","4":"has-post-thumbnail","6":"product_cat-cable-gland","7":"product_cat-multi-hole-cable-gland","8":"product_tag-accessories-for-sealcon-cable-glands","9":"product_tag-cable-accessories-gland","10":"product_tag-cable-gland-accessories","11":"product_tag-cable-gland-and-connector-accessories","12":"product_tag-cable-gland-protective-hose-accessories","13":"product_tag-electrical-accessories-glands","14":"product_tag-explosion-proof-cable-gland-accessories","15":"product_tag-industrial-cable-glands-accessories","17":"first","18":"instock","19":"featured","20":"shipping-taxable","21":"product-type-simple","22":"entry","23":"content-bg","24":"loop-entry"},"_links":{"self":[{"href":"https:\/\/cagland.com\/de\/wp-json\/wp\/v2\/product\/629","targetHints":{"allow":["GET"]}}],"collection":[{"href":"https:\/\/cagland.com\/de\/wp-json\/wp\/v2\/product"}],"about":[{"href":"https:\/\/cagland.com\/de\/wp-json\/wp\/v2\/types\/product"}],"version-history":[{"count":0,"href":"https:\/\/cagland.com\/de\/wp-json\/wp\/v2\/product\/629\/revisions"}],"wp:featuredmedia":[{"embeddable":true,"href":"https:\/\/cagland.com\/de\/wp-json\/wp\/v2\/media\/635"}],"wp:attachment":[{"href":"https:\/\/cagland.com\/de\/wp-json\/wp\/v2\/media?parent=629"}],"wp:term":[{"taxonomy":"product_brand","embeddable":true,"href":"https:\/\/cagland.com\/de\/wp-json\/wp\/v2\/product_brand?post=629"},{"taxonomy":"product_cat","embeddable":true,"href":"https:\/\/cagland.com\/de\/wp-json\/wp\/v2\/product_cat?post=629"},{"taxonomy":"product_tag","embeddable":true,"href":"https:\/\/cagland.com\/de\/wp-json\/wp\/v2\/product_tag?post=629"}],"curies":[{"name":"wp","href":"https:\/\/api.w.org\/{rel}","templated":true}]}}