{"id":610,"date":"2022-06-14T22:40:02","date_gmt":"2022-06-14T14:40:02","guid":{"rendered":"https:\/\/cagland.com\/?post_type=product&#038;p=610"},"modified":"2023-04-26T22:07:12","modified_gmt":"2023-04-26T14:07:12","slug":"nylon-multi-hole-cable-gland-m20-3-hole-7mm","status":"publish","type":"product","link":"https:\/\/cagland.com\/de\/product\/nylon-multi-hole-cable-gland-m20-3-hole-7mm\/","title":{"rendered":"Mehrloch-Kabelverschraubung"},"content":{"rendered":"","protected":false},"excerpt":{"rendered":"<p>Im Gegensatz zu herk\u00f6mmlichen Kabelverschraubungen, die typischerweise nur ein Loch haben, a <strong>Mehrloch-Kabelverschraubung<\/strong> verf\u00fcgt \u00fcber mehrere L\u00f6cher, die den Durchgang mehrerer Kabel oder Dr\u00e4hte erm\u00f6glichen. Dieses Design bietet mehrere Vorteile, einschlie\u00dflich Platzersparnis, Zeitersparnis und erh\u00f6hter Flexibilit\u00e4t.<\/p>\n<p>Ein Mehrloch <a href=\"https:\/\/cagland.com\/de\/what-is-a-cable-gland-your-best-choice\/\" target=\"_blank\" rel=\"noopener\">Kabelverschraubung<\/a> hat mehrere Vorteile gegen\u00fcber einer Einloch-Kabelverschraubung:<\/p>\n<ul>\n<li><a href=\"https:\/\/en.wikipedia.org\/wiki\/Multicable\" target=\"_blank\" rel=\"noopener\">Mehrere Kabel<\/a> kann durch eine einzige Verschraubung gef\u00fchrt werden, was die Anzahl der erforderlichen Kabelverschraubungen reduziert und somit Platz und Installationszeit spart.<\/li>\n<li>Mehrloch-Kabelverschraubungen sind vielseitiger und k\u00f6nnen Kabel verschiedener Gr\u00f6\u00dfen und Typen aufnehmen, was beim Umgang mit einer Vielzahl von Kabeln hilfreich sein kann.<\/li>\n<li>Kabelverschraubungen mit mehreren L\u00f6chern k\u00f6nnen verwendet werden, um ein organisierteres und ordentlicheres Kabelf\u00fchrungssystem zu schaffen, wodurch die Wahrscheinlichkeit von Kabelsalat oder Kabelsalat reduziert wird.<\/li>\n<li>Sie bieten eine bessere Zugentlastung, verteilen das Gewicht der Kabel gleichm\u00e4\u00dfig und verringern das Risiko einer Besch\u00e4digung der Kabel oder der Verschraubung selbst.<\/li>\n<\/ul>","protected":false},"featured_media":614,"template":"","meta":{"_kad_post_transparent":"default","_kad_post_title":"","_kad_post_layout":"default","_kad_post_sidebar_id":"","_kad_post_content_style":"default","_kad_post_vertical_padding":"default","_kad_post_feature":"","_kad_post_feature_position":"","_kad_post_header":false,"_kad_post_footer":false,"_kad_post_classname":""},"product_brand":[],"product_cat":[20,23],"product_tag":[484,305,488,328,322,490,310,494,316,306,487,489,495,556,323,492],"class_list":{"0":"post-610","1":"product","2":"type-product","3":"status-publish","4":"has-post-thumbnail","6":"product_cat-cable-gland","7":"product_cat-multi-hole-cable-gland","8":"product_tag-cable-gland-multi-hole","9":"product_tag-multi-cable-gland-waterproof-connectors","10":"product_tag-multi-hole-gland","11":"product_tag-multi-hole-solar-cable-gland","12":"product_tag-multi-hole-metal-cable-gland","13":"product_tag-multi-hole-nylon-cable-gland","14":"product_tag-multi-passage-cable-gland","15":"product_tag-multiple-cable-gland","16":"product_tag-multiple-entry-brass-cable-gland","17":"product_tag-multiple-hole-cable-glands","18":"product_tag-nylon-multi-hole","19":"product_tag-nylon-multi-hole-cable-gland","20":"product_tag-waterproof-multi-hole-electrical-cable-gland","21":"product_tag-waterproof-multi-hole-entry-cable-glands","22":"product_tag-waterproof-multi-hole-cable-glands","23":"product_tag-waterproof-multi-hole-nylon-cable-glands","25":"first","26":"instock","27":"shipping-taxable","28":"product-type-simple","29":"entry","30":"content-bg","31":"loop-entry"},"_links":{"self":[{"href":"https:\/\/cagland.com\/de\/wp-json\/wp\/v2\/product\/610","targetHints":{"allow":["GET"]}}],"collection":[{"href":"https:\/\/cagland.com\/de\/wp-json\/wp\/v2\/product"}],"about":[{"href":"https:\/\/cagland.com\/de\/wp-json\/wp\/v2\/types\/product"}],"version-history":[{"count":0,"href":"https:\/\/cagland.com\/de\/wp-json\/wp\/v2\/product\/610\/revisions"}],"wp:featuredmedia":[{"embeddable":true,"href":"https:\/\/cagland.com\/de\/wp-json\/wp\/v2\/media\/614"}],"wp:attachment":[{"href":"https:\/\/cagland.com\/de\/wp-json\/wp\/v2\/media?parent=610"}],"wp:term":[{"taxonomy":"product_brand","embeddable":true,"href":"https:\/\/cagland.com\/de\/wp-json\/wp\/v2\/product_brand?post=610"},{"taxonomy":"product_cat","embeddable":true,"href":"https:\/\/cagland.com\/de\/wp-json\/wp\/v2\/product_cat?post=610"},{"taxonomy":"product_tag","embeddable":true,"href":"https:\/\/cagland.com\/de\/wp-json\/wp\/v2\/product_tag?post=610"}],"curies":[{"name":"wp","href":"https:\/\/api.w.org\/{rel}","templated":true}]}}