{"id":446,"date":"2022-05-24T23:21:59","date_gmt":"2022-05-24T15:21:59","guid":{"rendered":"https:\/\/cagland.com\/?post_type=product&#038;p=446"},"modified":"2023-04-26T22:08:56","modified_gmt":"2023-04-26T14:08:56","slug":"best-nylon-m20-cable-gland","status":"publish","type":"product","link":"https:\/\/cagland.com\/de\/product\/best-nylon-m20-cable-gland\/","title":{"rendered":"Metrische Kabelverschraubung"},"content":{"rendered":"","protected":false},"excerpt":{"rendered":"<p>Eine Metrik <a href=\"https:\/\/cagland.com\/de\/what-is-a-cable-gland-your-best-choice\/\">Kabelverschraubung<\/a> ist eine Art Kabelverschraubung zum sicheren Verbinden und Abdichten von metrischen Kabeln. Eine beliebte Art der metrischen Kabelverschraubung ist die M20-Kabelverschraubung. Diese Gr\u00f6\u00dfe wird h\u00e4ufig in industriellen Anwendungen verwendet, die eine zuverl\u00e4ssige und robuste L\u00f6sung f\u00fcr das Kabelmanagement erfordern. Die M20-Kabelverschraubung kann Kabel mit Durchmessern von 6 mm bis 12 mm aufnehmen und ist somit f\u00fcr eine Vielzahl von Anwendungen geeignet.<\/p>\n<p>Metrische Kabel sind Kabel, die dem folgen<a href=\"https:\/\/en.wikipedia.org\/wiki\/IEC_metric_screw_sized_connectors\" target=\"_blank\" rel=\"noopener\"> metrische Schraube<\/a> Ma\u00dfsystem, das in Europa und vielen anderen Teilen der Welt allgemein verwendet wird. Der Vorteil der Verwendung von metrischen Kabeln besteht darin, dass sie standardisiert sind und problemlos zwischen verschiedenen L\u00e4ndern und Branchen ausgetauscht werden k\u00f6nnen.<\/p>\n<p>Metrische Kabelverschraubungen finden breite industrielle Anwendungen in verschiedenen Bereichen wie Fertigung, Automobil, Luft- und Raumfahrt, Telekommunikation und erneuerbare Energien. Sie werden verwendet, um Kabel vor Feuchtigkeit, Staub und anderen Umweltgefahren zu sch\u00fctzen und sicherzustellen, dass sie jederzeit sicher und gesch\u00fctzt bleiben.<\/p>\n<p>Kundenspezifische metrische Kabelverschraubungen sind in verschiedenen Gr\u00f6\u00dfen, Formen und Materialien erh\u00e4ltlich, um f\u00fcr verschiedene Arten von Kabeln und Anwendungen geeignet zu sein. OEM-Hersteller produzieren diese Kabelverschraubungen, um die spezifischen Anforderungen der Kunden zu erf\u00fcllen und ihnen zuverl\u00e4ssige und langlebige L\u00f6sungen f\u00fcr das Kabelmanagement zu bieten.<\/p>","protected":false},"featured_media":503,"template":"","meta":{"_kad_post_transparent":"default","_kad_post_title":"","_kad_post_layout":"default","_kad_post_sidebar_id":"","_kad_post_content_style":"default","_kad_post_vertical_padding":"default","_kad_post_feature":"","_kad_post_feature_position":"","_kad_post_header":false,"_kad_post_footer":false,"_kad_post_classname":""},"product_brand":[],"product_cat":[20,21],"product_tag":[496,502,501,499,500,509,36,503,508,45,44,46,498,504,497,506,507,505],"class_list":{"0":"post-446","1":"product","2":"type-product","3":"status-publish","4":"has-post-thumbnail","6":"product_cat-cable-gland","7":"product_cat-plastic-water-proof-cable-gland","8":"product_tag-black-nylon-cable-gland-m20-thread","9":"product_tag-cable-gland-gp-nylon-m20","10":"product_tag-cable-gland-metal-m20-thread","11":"product_tag-cable-glands-m20","12":"product_tag-gland-cable-nylon-m20x15mm","13":"product_tag-grey-m20-cable-gland","14":"product_tag-m20-cable-gland","15":"product_tag-m20-cable-glands","16":"product_tag-m20-explosion-proof-cable-gland","17":"product_tag-m20-plastic-cable-gland","18":"product_tag-m20-waterproof-cable-gland","19":"product_tag-m20-x-1-5-cable-glands","20":"product_tag-nylon-cable-gland-m20","21":"product_tag-nylon-gland-ip68-black-20mm","22":"product_tag-nylon-qc-gland-m20","23":"product_tag-plastic-cable-gland-m20","24":"product_tag-splashproof-m20-cable-gland","25":"product_tag-white-plastic-waterproof-cable-glands-m20","27":"first","28":"instock","29":"featured","30":"shipping-taxable","31":"product-type-simple","32":"entry","33":"content-bg","34":"loop-entry"},"_links":{"self":[{"href":"https:\/\/cagland.com\/de\/wp-json\/wp\/v2\/product\/446","targetHints":{"allow":["GET"]}}],"collection":[{"href":"https:\/\/cagland.com\/de\/wp-json\/wp\/v2\/product"}],"about":[{"href":"https:\/\/cagland.com\/de\/wp-json\/wp\/v2\/types\/product"}],"version-history":[{"count":0,"href":"https:\/\/cagland.com\/de\/wp-json\/wp\/v2\/product\/446\/revisions"}],"wp:featuredmedia":[{"embeddable":true,"href":"https:\/\/cagland.com\/de\/wp-json\/wp\/v2\/media\/503"}],"wp:attachment":[{"href":"https:\/\/cagland.com\/de\/wp-json\/wp\/v2\/media?parent=446"}],"wp:term":[{"taxonomy":"product_brand","embeddable":true,"href":"https:\/\/cagland.com\/de\/wp-json\/wp\/v2\/product_brand?post=446"},{"taxonomy":"product_cat","embeddable":true,"href":"https:\/\/cagland.com\/de\/wp-json\/wp\/v2\/product_cat?post=446"},{"taxonomy":"product_tag","embeddable":true,"href":"https:\/\/cagland.com\/de\/wp-json\/wp\/v2\/product_tag?post=446"}],"curies":[{"name":"wp","href":"https:\/\/api.w.org\/{rel}","templated":true}]}}