{"id":643,"date":"2022-06-27T09:06:48","date_gmt":"2022-06-27T01:06:48","guid":{"rendered":"https:\/\/cagland.com\/?post_type=product&#038;p=643"},"modified":"2023-04-26T21:23:04","modified_gmt":"2023-04-26T13:23:04","slug":"square-weatherproof-junction-box","status":"publish","type":"product","link":"https:\/\/cagland.com\/da\/product\/square-weatherproof-junction-box\/","title":{"rendered":"Firkantet vejrbestandig samled\u00e5se"},"content":{"rendered":"","protected":false},"excerpt":{"rendered":"<p>Leder du efter en p\u00e5lidelig <strong>vejrbestandig samled\u00e5se<\/strong> for at sikre sikkerheden af dine elektriske kabler? En firkantet vejrbestandig samled\u00e5se er svaret. Denne type samled\u00e5se kan ogs\u00e5 tilslutte en <a href=\"https:\/\/cagland.com\/da\/what-is-a-cable-gland-your-best-choice\/\" target=\"_blank\" rel=\"noopener\">kabelforskruning<\/a> der fastg\u00f8r kablerne sikkert og holder dem isolerede. Den firkantede form g\u00f8r det lettere at installere i trange rum, hvilket g\u00f8r det til et ideelt valg til b\u00e5de indend\u00f8rs og udend\u00f8rs applikationer.<\/p>\n<p>Den vejrbestandige samled\u00e5se er lavet af slidst\u00e6rkt ABS-materiale og kommer med et t\u00e6tningsmateriale lavet af neopren, hvilket g\u00f8r den meget modstandsdygtig over for vand, st\u00f8v og andre udend\u00f8rs elementer. Den f\u00e5s i gr\u00e5 s\u00e5vel som i farver, der kan tilpasses, s\u00e5 den kan smelte sammen med ethvert milj\u00f8 problemfrit.<\/p>\n<p>Med et arbejdstemperaturomr\u00e5de p\u00e5 -40\u00b0C til 85\u00b0C er dette<a href=\"https:\/\/en.wikipedia.org\/wiki\/Junction_box\" target=\"_blank\" rel=\"noopener\"> samled\u00e5se<\/a> kan modst\u00e5 ekstreme temperaturer, hvilket g\u00f8r den velegnet til brug i en r\u00e6kke forskellige applikationer, herunder udend\u00f8rs og udend\u00f8rs projekter.<\/p>\n<p>Forgreningsboksen er IP65-klassificeret, hvilket giver beskyttelse mod barske vejrforhold s\u00e5som regn, slud og sne. Den kommer i forskellige st\u00f8rrelser for at im\u00f8dekomme forskellige ledningsbehov, hvilket sikrer, at alle forbindelser forbliver sikre og beskyttede.<\/p>\n<p>Ud over standard ABS-materiale og neoprenforsegling f\u00e5s samled\u00e5sen ogs\u00e5 i tilpassede materialer som PVC eller eksplosionssikre materialer, hvilket g\u00f8r den til en alsidig l\u00f8sning til en r\u00e6kke forskellige projekter.<\/p>\n<p>Forgreningsboksen har et firkantet udseende, hvilket giver en slank og professionel finish til ethvert projekt. Med sin holdbare konstruktion, tilpasselige funktioner og vejrbestandige design er den vejrbestandige samled\u00e5se den ideelle l\u00f8sning til ethvert udend\u00f8rs eller udvendigt ledningsbehov.<\/p>","protected":false},"featured_media":649,"template":"","meta":{"_kad_post_transparent":"default","_kad_post_title":"","_kad_post_layout":"default","_kad_post_sidebar_id":"","_kad_post_content_style":"default","_kad_post_vertical_padding":"default","_kad_post_feature":"","_kad_post_feature_position":"","_kad_post_header":false,"_kad_post_footer":false,"_kad_post_classname":""},"product_brand":[],"product_cat":[30,31],"product_tag":[423,424,417,425,415,420,426,385,414,422,416,418,419,421],"class_list":{"0":"post-643","1":"product","2":"type-product","3":"status-publish","4":"has-post-thumbnail","6":"product_cat-junction-box","7":"product_cat-plastic-junction-box","8":"product_tag-abs-waterproof-junction-boxes","9":"product_tag-adaptable-weatherproof-box","10":"product_tag-adaptable-weatherproof-junction-boxes","11":"product_tag-outdoor-adaptable-junction-boxes","12":"product_tag-outdoor-waterproof-junction-box","13":"product_tag-small-exterior-junction-box","14":"product_tag-small-square-junction-box","15":"product_tag-waterproof-junction-box","16":"product_tag-weatherproof-boxes","17":"product_tag-weatherproof-connection-box","18":"product_tag-weatherproof-electrical-junction-box","19":"product_tag-weatherproof-electrical-junction-boxes","20":"product_tag-weatherproof-exterior-junction-box","21":"product_tag-weatherproof-pvc-junction-box","23":"first","24":"instock","25":"featured","26":"shipping-taxable","27":"product-type-simple","28":"entry","29":"content-bg","30":"loop-entry"},"_links":{"self":[{"href":"https:\/\/cagland.com\/da\/wp-json\/wp\/v2\/product\/643","targetHints":{"allow":["GET"]}}],"collection":[{"href":"https:\/\/cagland.com\/da\/wp-json\/wp\/v2\/product"}],"about":[{"href":"https:\/\/cagland.com\/da\/wp-json\/wp\/v2\/types\/product"}],"version-history":[{"count":0,"href":"https:\/\/cagland.com\/da\/wp-json\/wp\/v2\/product\/643\/revisions"}],"wp:featuredmedia":[{"embeddable":true,"href":"https:\/\/cagland.com\/da\/wp-json\/wp\/v2\/media\/649"}],"wp:attachment":[{"href":"https:\/\/cagland.com\/da\/wp-json\/wp\/v2\/media?parent=643"}],"wp:term":[{"taxonomy":"product_brand","embeddable":true,"href":"https:\/\/cagland.com\/da\/wp-json\/wp\/v2\/product_brand?post=643"},{"taxonomy":"product_cat","embeddable":true,"href":"https:\/\/cagland.com\/da\/wp-json\/wp\/v2\/product_cat?post=643"},{"taxonomy":"product_tag","embeddable":true,"href":"https:\/\/cagland.com\/da\/wp-json\/wp\/v2\/product_tag?post=643"}],"curies":[{"name":"wp","href":"https:\/\/api.w.org\/{rel}","templated":true}]}}