{"id":629,"date":"2022-06-15T14:04:05","date_gmt":"2022-06-15T06:04:05","guid":{"rendered":"https:\/\/cagland.com\/?post_type=product&#038;p=629"},"modified":"2023-04-26T21:05:54","modified_gmt":"2023-04-26T13:05:54","slug":"cable-gland-accessories-multiple-hole-bushings","status":"publish","type":"product","link":"https:\/\/cagland.com\/da\/product\/cable-gland-accessories-multiple-hole-bushings\/","title":{"rendered":"B\u00f8sninger med flere huller"},"content":{"rendered":"","protected":false},"excerpt":{"rendered":"<p>B\u00f8sninger med flere huller er afg\u00f8rende <strong>kabelforskruning tilbeh\u00f8r<\/strong> som er almindeligt anvendt i en r\u00e6kke industrielle og kommercielle applikationer. De er designet til at arbejde med forskellige typer <a href=\"https:\/\/cagland.com\/da\/what-is-a-cable-gland-your-best-choice\/\" target=\"_blank\" rel=\"noopener\">kabelforskruninger<\/a>, herunder metriske, PG, G og NPT kabelforskruninger, og kan rumme flere kabler og ledninger af forskellige st\u00f8rrelser og typer.<\/p>\n<p>Disse b\u00f8sninger er lavet af materialer af h\u00f8j kvalitet som f.eks <a href=\"https:\/\/en.wikipedia.org\/wiki\/Nylon\" target=\"_blank\" rel=\"noopener\">nylon<\/a>, silikonegummi, UL-godkendte materialer og eksplosionssikre materialer, hvilket sikrer deres holdbarhed og levetid. De giver fremragende modstandsdygtighed over for st\u00f8d, slid og kemikalier, hvilket g\u00f8r dem ideelle til brug i barske og kr\u00e6vende milj\u00f8er.<\/p>\n<p>Ud over deres kompatibilitet med kabelforskruninger er Multiple Hole Bushings ogs\u00e5 kabelforskruninger, der giver en sikker og p\u00e5lidelig t\u00e6tning omkring kabler og ledninger. De forhindrer indtr\u00e6ngning af st\u00f8v, snavs og fugt og sikrer, at kabler og ledninger er godt beskyttede og velforvaltede.<\/p>\n<p>B\u00f8sninger med flere huller er designet til at fungere under en lang r\u00e6kke temperaturer, der sp\u00e6nder fra -40 \u2103 til 105 \u2103 i kort tid til 120 \u2103. Dette g\u00f8r dem velegnede til brug under ekstreme temperaturforhold, hvor andre materialer kan svigte.<\/p>","protected":false},"featured_media":635,"template":"","meta":{"_kad_post_transparent":"default","_kad_post_title":"","_kad_post_layout":"default","_kad_post_sidebar_id":"","_kad_post_content_style":"default","_kad_post_vertical_padding":"default","_kad_post_feature":"","_kad_post_feature_position":"","_kad_post_header":false,"_kad_post_footer":false,"_kad_post_classname":""},"product_brand":[],"product_cat":[20,23],"product_tag":[529,526,524,528,527,530,525,531],"class_list":{"0":"post-629","1":"product","2":"type-product","3":"status-publish","4":"has-post-thumbnail","6":"product_cat-cable-gland","7":"product_cat-multi-hole-cable-gland","8":"product_tag-accessories-for-sealcon-cable-glands","9":"product_tag-cable-accessories-gland","10":"product_tag-cable-gland-accessories","11":"product_tag-cable-gland-and-connector-accessories","12":"product_tag-cable-gland-protective-hose-accessories","13":"product_tag-electrical-accessories-glands","14":"product_tag-explosion-proof-cable-gland-accessories","15":"product_tag-industrial-cable-glands-accessories","17":"first","18":"instock","19":"featured","20":"shipping-taxable","21":"product-type-simple","22":"entry","23":"content-bg","24":"loop-entry"},"_links":{"self":[{"href":"https:\/\/cagland.com\/da\/wp-json\/wp\/v2\/product\/629","targetHints":{"allow":["GET"]}}],"collection":[{"href":"https:\/\/cagland.com\/da\/wp-json\/wp\/v2\/product"}],"about":[{"href":"https:\/\/cagland.com\/da\/wp-json\/wp\/v2\/types\/product"}],"version-history":[{"count":0,"href":"https:\/\/cagland.com\/da\/wp-json\/wp\/v2\/product\/629\/revisions"}],"wp:featuredmedia":[{"embeddable":true,"href":"https:\/\/cagland.com\/da\/wp-json\/wp\/v2\/media\/635"}],"wp:attachment":[{"href":"https:\/\/cagland.com\/da\/wp-json\/wp\/v2\/media?parent=629"}],"wp:term":[{"taxonomy":"product_brand","embeddable":true,"href":"https:\/\/cagland.com\/da\/wp-json\/wp\/v2\/product_brand?post=629"},{"taxonomy":"product_cat","embeddable":true,"href":"https:\/\/cagland.com\/da\/wp-json\/wp\/v2\/product_cat?post=629"},{"taxonomy":"product_tag","embeddable":true,"href":"https:\/\/cagland.com\/da\/wp-json\/wp\/v2\/product_tag?post=629"}],"curies":[{"name":"wp","href":"https:\/\/api.w.org\/{rel}","templated":true}]}}