{"id":619,"date":"2022-06-14T23:03:12","date_gmt":"2022-06-14T15:03:12","guid":{"rendered":"https:\/\/cagland.com\/?post_type=product&#038;p=619"},"modified":"2023-04-26T21:02:09","modified_gmt":"2023-04-26T13:02:09","slug":"multi-hole-waterproof-cable-gland","status":"publish","type":"product","link":"https:\/\/cagland.com\/da\/product\/multi-hole-waterproof-cable-gland\/","title":{"rendered":"Multihul vandt\u00e6t kabelforskruning"},"content":{"rendered":"","protected":false},"excerpt":{"rendered":"<p>Det <strong>flerhuls vandt\u00e6t kabelforskruning<\/strong> er designet til at fungere i en lang r\u00e6kke temperaturer, fra -40 \u2103 til 100 \u2103, med en kortvarig temperaturgr\u00e6nse p\u00e5 120 \u2103. Den har forskellige farver gr\u00e5<span class=\"s1\">, <\/span>sort<span class=\"s1\">, hvid og<\/span> r\u00f8d.<\/p>\n<p>Multihullet vandt\u00e6t <a href=\"https:\/\/cagland.com\/da\/what-is-a-cable-gland-your-best-choice\/\" target=\"_blank\" rel=\"noopener\">kabelforskruning<\/a> er en h\u00f8jkvalitets og alsidig kabelforskruning designet til industrielle applikationer. Med sin flerhulsfunktion kan den rumme flere kabler eller ledninger, hvilket g\u00f8r den ideel til brug i komplekse systemer, der kr\u00e6ver flere forbindelser. Dens <a href=\"https:\/\/en.wikipedia.org\/wiki\/IP_code\" target=\"_blank\" rel=\"noopener\">IP68 vandt\u00e6t klassificering<\/a> sikrer, at den kan modst\u00e5 barske milj\u00f8er, s\u00e5som dem, der findes i marine, udend\u00f8rs eller underjordiske applikationer.<\/p>\n<p>Denne kabelforskruning er meget tilpasselig, s\u00e5 den kan skr\u00e6ddersyes til at opfylde specifikke applikationskrav. Den leveres med mulighed for OEM-etiketter, hvilket g\u00f8r det nemt at identificere og spore kabler, ledninger eller andre komponenter i systemet. Derudover er den lavet af holdbare materialer som nylon, nylon PA6 og PP, hvilket g\u00f8r den st\u00e6rk og langtidsholdbar.<\/p>\n<p>Samlet set er den vandt\u00e6tte kabelforskruning med flere huller et fremragende valg til enhver industriel anvendelse, der kr\u00e6ver flere kabelforbindelser i barske milj\u00f8er. Dets design, der kan tilpasses, materialer af h\u00f8j kvalitet og vandt\u00e6thed g\u00f8r det til en p\u00e5lidelig og holdbar l\u00f8sning til en bred vifte af applikationer.<\/p>","protected":false},"featured_media":625,"template":"","meta":{"_kad_post_transparent":"default","_kad_post_title":"","_kad_post_layout":"default","_kad_post_sidebar_id":"","_kad_post_content_style":"default","_kad_post_vertical_padding":"default","_kad_post_feature":"","_kad_post_feature_position":"","_kad_post_header":false,"_kad_post_footer":false,"_kad_post_classname":""},"product_brand":[],"product_cat":[20,23],"product_tag":[435,433,434,437,431,165,427,440,428,432,436,439,441,438,430,159,429],"class_list":{"0":"post-619","1":"product","2":"type-product","3":"status-publish","4":"has-post-thumbnail","6":"product_cat-cable-gland","7":"product_cat-multi-hole-cable-gland","8":"product_tag-black-nylon-waterproof-cable-connector","9":"product_tag-cable-gland-waterproof-connector","10":"product_tag-industrial-waterproof-cable-glands","11":"product_tag-ip68-water-proof-nylon-cable-gland","12":"product_tag-ip68-waterproof-cable-glands","13":"product_tag-ip68-ip67-cable-glands","14":"product_tag-multi-hole-waterproof-cable-gland","15":"product_tag-nylon-ip68-cable-gland","16":"product_tag-nylon-plastic-waterproof-adjustable-cable-gland","17":"product_tag-nylon-waterproof-cable-gland","18":"product_tag-outing-lighting-waterproof-cable-glands","19":"product_tag-pvc-waterproof-cable-gland","20":"product_tag-waterproof-black-nylon-cable-gland","21":"product_tag-waterproof-cable-connectors","22":"product_tag-waterproof-cable-gland","23":"product_tag-waterproof-cable-gland-connector","24":"product_tag-waterproof-cable-glands","26":"first","27":"instock","28":"shipping-taxable","29":"product-type-simple","30":"entry","31":"content-bg","32":"loop-entry"},"_links":{"self":[{"href":"https:\/\/cagland.com\/da\/wp-json\/wp\/v2\/product\/619","targetHints":{"allow":["GET"]}}],"collection":[{"href":"https:\/\/cagland.com\/da\/wp-json\/wp\/v2\/product"}],"about":[{"href":"https:\/\/cagland.com\/da\/wp-json\/wp\/v2\/types\/product"}],"version-history":[{"count":0,"href":"https:\/\/cagland.com\/da\/wp-json\/wp\/v2\/product\/619\/revisions"}],"wp:featuredmedia":[{"embeddable":true,"href":"https:\/\/cagland.com\/da\/wp-json\/wp\/v2\/media\/625"}],"wp:attachment":[{"href":"https:\/\/cagland.com\/da\/wp-json\/wp\/v2\/media?parent=619"}],"wp:term":[{"taxonomy":"product_brand","embeddable":true,"href":"https:\/\/cagland.com\/da\/wp-json\/wp\/v2\/product_brand?post=619"},{"taxonomy":"product_cat","embeddable":true,"href":"https:\/\/cagland.com\/da\/wp-json\/wp\/v2\/product_cat?post=619"},{"taxonomy":"product_tag","embeddable":true,"href":"https:\/\/cagland.com\/da\/wp-json\/wp\/v2\/product_tag?post=619"}],"curies":[{"name":"wp","href":"https:\/\/api.w.org\/{rel}","templated":true}]}}