{"id":602,"date":"2022-06-14T21:59:32","date_gmt":"2022-06-14T13:59:32","guid":{"rendered":"https:\/\/cagland.com\/?post_type=product&#038;p=602"},"modified":"2023-04-29T22:39:19","modified_gmt":"2023-04-29T14:39:19","slug":"waterproof-stainless-steel-cable-gland","status":"publish","type":"product","link":"https:\/\/cagland.com\/da\/product\/waterproof-stainless-steel-cable-gland\/","title":{"rendered":"Kabelforskruning i rustfrit st\u00e5l"},"content":{"rendered":"","protected":false},"excerpt":{"rendered":"<p>Det <strong>Kabelforskruning i rustfrit st\u00e5l<\/strong> er en holdbar og p\u00e5lidelig l\u00f8sning til sikring og beskyttelse af upansrede kabler i barske milj\u00f8er. Den er konstrueret af h\u00f8jkvalitets rustfrit st\u00e5lmateriale, som sikrer fremragende modstandsdygtighed over for korrosion og rust, hvilket g\u00f8r den ideel til brug i udend\u00f8rs og marine applikationer.<\/p>\n<p>Denne vejrbestandige forskruning har et metrisk gevind, hvilket tillader nem installation og en sikker pasform. Den er designet til at modst\u00e5 ekstreme temperaturvariationer med et arbejdsomr\u00e5de p\u00e5 -40 \u2103 til 105 \u2103 og kortvarig eksponering for temperaturer op til 160 \u2103, hvilket g\u00f8r den velegnet til brug i forskellige industrielle og kommercielle omgivelser.<\/p>\n<p>Denne metalliske rustfri <a href=\"https:\/\/cagland.com\/da\/what-is-a-cable-gland-your-best-choice\/\" target=\"_blank\" rel=\"noopener\">st\u00e5lkabel<\/a> forskruning er en v\u00e6sentlig komponent til elektriske installationer, der kr\u00e6ver en sikker og robust forbindelse. Dens robuste konstruktion og vejrbestandige design g\u00f8r den ideel til brug i barske milj\u00f8er, hvor beskyttelse mod fugt, st\u00f8v og andre elementer er afg\u00f8rende.<\/p>\n<p>Sammenfattende er kabelforskrunen i rustfrit st\u00e5l en p\u00e5lidelig og robust kabelforskruning, der er perfekt til brug i udend\u00f8rs og marine milj\u00f8er. Med sin h\u00f8je kvalitet <a href=\"https:\/\/en.wikipedia.org\/wiki\/Stainless_steel\" target=\"_blank\" rel=\"noopener\">rustfrit st\u00e5l<\/a> konstruktion, vejrbestandigt design og fremragende temperaturbestandighed giver det en langtidsholdbar og sikker l\u00f8sning til enhver upansret kabelinstallation.<\/p>\n<p>&nbsp;<\/p>","protected":false},"featured_media":607,"template":"","meta":{"_kad_post_transparent":"default","_kad_post_title":"","_kad_post_layout":"default","_kad_post_sidebar_id":"","_kad_post_content_style":"default","_kad_post_vertical_padding":"default","_kad_post_feature":"","_kad_post_feature_position":"","_kad_post_header":false,"_kad_post_footer":false,"_kad_post_classname":""},"product_brand":[],"product_cat":[20,22],"product_tag":[518,300,516,517],"class_list":{"0":"post-602","1":"product","2":"type-product","3":"status-publish","4":"has-post-thumbnail","6":"product_cat-cable-gland","7":"product_cat-metal-water-proof-cable-gand","8":"product_tag-metallic-stainless-steel-cable-gland","9":"product_tag-stainless-steel-cable-gland-metric-thread","10":"product_tag-stainless-steel-cable-glands","11":"product_tag-weatherproof-unarmoured-stainless-steel-cable-gland","13":"first","14":"instock","15":"shipping-taxable","16":"product-type-simple","17":"entry","18":"content-bg","19":"loop-entry"},"_links":{"self":[{"href":"https:\/\/cagland.com\/da\/wp-json\/wp\/v2\/product\/602","targetHints":{"allow":["GET"]}}],"collection":[{"href":"https:\/\/cagland.com\/da\/wp-json\/wp\/v2\/product"}],"about":[{"href":"https:\/\/cagland.com\/da\/wp-json\/wp\/v2\/types\/product"}],"version-history":[{"count":0,"href":"https:\/\/cagland.com\/da\/wp-json\/wp\/v2\/product\/602\/revisions"}],"wp:featuredmedia":[{"embeddable":true,"href":"https:\/\/cagland.com\/da\/wp-json\/wp\/v2\/media\/607"}],"wp:attachment":[{"href":"https:\/\/cagland.com\/da\/wp-json\/wp\/v2\/media?parent=602"}],"wp:term":[{"taxonomy":"product_brand","embeddable":true,"href":"https:\/\/cagland.com\/da\/wp-json\/wp\/v2\/product_brand?post=602"},{"taxonomy":"product_cat","embeddable":true,"href":"https:\/\/cagland.com\/da\/wp-json\/wp\/v2\/product_cat?post=602"},{"taxonomy":"product_tag","embeddable":true,"href":"https:\/\/cagland.com\/da\/wp-json\/wp\/v2\/product_tag?post=602"}],"curies":[{"name":"wp","href":"https:\/\/api.w.org\/{rel}","templated":true}]}}