{"id":582,"date":"2022-06-09T22:34:37","date_gmt":"2022-06-09T14:34:37","guid":{"rendered":"https:\/\/cagland.com\/?post_type=product&#038;p=582"},"modified":"2023-04-26T20:50:15","modified_gmt":"2023-04-26T12:50:15","slug":"pg9-nylon-grey-ip68-strain-relief-cable-gland","status":"publish","type":"product","link":"https:\/\/cagland.com\/da\/product\/pg9-nylon-grey-ip68-strain-relief-cable-gland\/","title":{"rendered":"Spiral Flex kabelforskruninger"},"content":{"rendered":"","protected":false},"excerpt":{"rendered":"<p>EN <a href=\"https:\/\/en.wikipedia.org\/wiki\/Cable_management\" target=\"_blank\" rel=\"noopener\"><strong>tr\u00e6kaflastning kabelforskruning<\/strong><\/a> er en type stik designet til at sikre og beskytte kabler, der passerer gennem et panel eller kabinet. Det <a href=\"https:\/\/cagland.com\/da\/what-is-a-cable-gland-your-best-choice\/\" target=\"_blank\" rel=\"noopener\">kabelforskruning<\/a> har en spiralformet nylon kabelforskruning og tr\u00e6kaflastningsstik, der hj\u00e6lper med at forhindre kabelskader ved at b\u00f8je eller tr\u00e6kke.<\/p>\n<p>Disse kabelforskruninger kommer i forskellige gevindspecifikationer, inklusive metrisk, PG, G og NPT, hvilket g\u00f8r dem velegnede til en bred vifte af applikationer. De er ogs\u00e5 designet til at arbejde i barske milj\u00f8er med et arbejdstemperaturomr\u00e5de p\u00e5 -40\u00b0C til 100\u00b0C i statisk tilstand og -20\u00b0C til 80\u00b0C i en dynamisk tilstand. Derudover giver kirtlen \u00f8jeblikkelig varmebestandighed op til 120\u00b0C.<\/p>\n<p>Hoveddelen af tr\u00e6kaflastningskabelforskruningen er lavet af forniklet messing, mens klemmestykkerne er lavet af UL godkendt nylon PA. O-t\u00e6tningen er lavet af nitrilbutadiengummi (NBR) og vejrlig gummi (EPDM), hvilket giver et h\u00f8jt niveau af beskyttelse mod vand, st\u00f8v og andre milj\u00f8faktorer. Med et IP68-beskyttelsesniveau er kirtlen meget modstandsdygtig over for fugt og kan bruges p\u00e5 v\u00e5de eller fugtige steder.<\/p>\n<p>Den tr\u00e6kaflastende nylon kabelforskruning er en p\u00e5lidelig og effektiv m\u00e5de at sikre kabler og beskytte dem mod beskadigelse. Den er nem at installere og giver en t\u00e6t forsegling, der hj\u00e6lper med at forhindre fugt i at tr\u00e6nge ind i kabinettet. Samlet set er tr\u00e6kaflastningskabelforskruningen en vigtig komponent til enhver elektrisk eller elektronisk applikation, hvor kabler skal beskyttes mod barske milj\u00f8er eller potentiel skade.<\/p>\n<p>&nbsp;<\/p>","protected":false},"featured_media":584,"template":"","meta":{"_kad_post_transparent":"default","_kad_post_title":"","_kad_post_layout":"default","_kad_post_sidebar_id":"","_kad_post_content_style":"default","_kad_post_vertical_padding":"default","_kad_post_feature":"","_kad_post_feature_position":"","_kad_post_header":false,"_kad_post_footer":false,"_kad_post_classname":""},"product_brand":[],"product_cat":[20,21],"product_tag":[554,552,553,555,248,550,548,551,549],"class_list":{"0":"post-582","1":"product","2":"type-product","3":"status-publish","4":"has-post-thumbnail","6":"product_cat-cable-gland","7":"product_cat-plastic-water-proof-cable-gland","8":"product_tag-cable-gland-plastic-with-strain-relief","9":"product_tag-cable-gland-spiral-strain-relief","10":"product_tag-gland-with-strain-relief","11":"product_tag-npt-srain-relief-cable-glands","12":"product_tag-nylon-cable-gland-spiral","13":"product_tag-strain-relief","14":"product_tag-strain-relief-cable-gland","15":"product_tag-strain-relief-connectors","16":"product_tag-strain-relief-nylon-cable-gland","18":"first","19":"instock","20":"featured","21":"shipping-taxable","22":"product-type-simple","23":"entry","24":"content-bg","25":"loop-entry"},"_links":{"self":[{"href":"https:\/\/cagland.com\/da\/wp-json\/wp\/v2\/product\/582","targetHints":{"allow":["GET"]}}],"collection":[{"href":"https:\/\/cagland.com\/da\/wp-json\/wp\/v2\/product"}],"about":[{"href":"https:\/\/cagland.com\/da\/wp-json\/wp\/v2\/types\/product"}],"version-history":[{"count":0,"href":"https:\/\/cagland.com\/da\/wp-json\/wp\/v2\/product\/582\/revisions"}],"wp:featuredmedia":[{"embeddable":true,"href":"https:\/\/cagland.com\/da\/wp-json\/wp\/v2\/media\/584"}],"wp:attachment":[{"href":"https:\/\/cagland.com\/da\/wp-json\/wp\/v2\/media?parent=582"}],"wp:term":[{"taxonomy":"product_brand","embeddable":true,"href":"https:\/\/cagland.com\/da\/wp-json\/wp\/v2\/product_brand?post=582"},{"taxonomy":"product_cat","embeddable":true,"href":"https:\/\/cagland.com\/da\/wp-json\/wp\/v2\/product_cat?post=582"},{"taxonomy":"product_tag","embeddable":true,"href":"https:\/\/cagland.com\/da\/wp-json\/wp\/v2\/product_tag?post=582"}],"curies":[{"name":"wp","href":"https:\/\/api.w.org\/{rel}","templated":true}]}}