{"id":572,"date":"2022-06-01T22:12:52","date_gmt":"2022-06-01T14:12:52","guid":{"rendered":"https:\/\/cagland.com\/?post_type=product&#038;p=572"},"modified":"2023-04-26T22:04:37","modified_gmt":"2023-04-26T14:04:37","slug":"best-nylon-waterproof-cable-gland-connector","status":"publish","type":"product","link":"https:\/\/cagland.com\/da\/product\/best-nylon-waterproof-cable-gland-connector\/","title":{"rendered":"S-PG kabelforskruning"},"content":{"rendered":"","protected":false},"excerpt":{"rendered":"<p>S-PG <a href=\"https:\/\/cagland.com\/da\/what-is-a-cable-gland-your-best-choice\/\" target=\"_blank\" rel=\"noopener\">Kabelforskruning<\/a> er en holdbar og p\u00e5lidelig <strong>kabelforskruningsstik<\/strong> designet til udend\u00f8rs og barske milj\u00f8er. Dens vandt\u00e6tte nylon IP68-klassificering sikrer, at den er beskyttet mod st\u00f8v, vand og andre elementer, der kan for\u00e5rsage skade p\u00e5 kablet.<\/p>\n<p>En af de vigtigste egenskaber ved denne kabelforskruning er dens evne til at bruge en mindre skruen\u00f8gle, hvilket sparer plads og g\u00f8r installationen lettere. Dens rustfri st\u00e5lkonstruktion sikrer, at den er st\u00e6rk og holdbar, mens dens klemmestykker er lavet af UL-godkendt nylon PA, som giver yderligere beskyttelse mod korrosion.<\/p>\n<p>S-PG Kabelforskruning er udstyret med O-t\u00e6tning lavet af<a href=\"https:\/\/en.wikipedia.org\/wiki\/Nitrile_rubber\" target=\"_blank\" rel=\"noopener\"> nitril butadien gummi<\/a> (NBR) og vejrlig gummi (EPDM) for at give en p\u00e5lidelig og t\u00e6t t\u00e6tning mod fugt og andre milj\u00f8faktorer. Den f\u00e5s i forskellige gevindspecifikationer, inklusive metrisk, PG, G og NPT, for at passe til en lang r\u00e6kke kabelst\u00f8rrelser.<\/p>\n<p>Med et arbejdstemperaturomr\u00e5de p\u00e5 -40\u2103 til 105\u2103 (i kort tid op til 120\u2103) er denne kabelforskruning velegnet til brug i ekstreme temperaturer. Dens beskyttelsesklasse p\u00e5 IP68, takket v\u00e6re O-forseglingen, g\u00f8r den ideel til brug i barske milj\u00f8er, hvor beskyttelse mod vand og st\u00f8v er et must.<\/p>\n<p>Samlet set er S-PG Cable Gland en alsidig og p\u00e5lidelig kabelforskruning, der giver fremragende beskyttelse mod elementerne, samtidig med at den er nem at installere og bruge.<\/p>","protected":false},"featured_media":580,"template":"","meta":{"_kad_post_transparent":"default","_kad_post_title":"","_kad_post_layout":"default","_kad_post_sidebar_id":"","_kad_post_content_style":"default","_kad_post_vertical_padding":"default","_kad_post_feature":"","_kad_post_feature_position":"","_kad_post_header":false,"_kad_post_footer":false,"_kad_post_classname":""},"product_brand":[],"product_cat":[20,21],"product_tag":[157,521,520,519,522,523],"class_list":{"0":"post-572","1":"product","2":"type-product","3":"status-publish","4":"has-post-thumbnail","6":"product_cat-cable-gland","7":"product_cat-plastic-water-proof-cable-gland","8":"product_tag-cable-gland-connector","9":"product_tag-cable-gland-connectors","10":"product_tag-cable-gland-for-connector","11":"product_tag-cable-gland-plugs","12":"product_tag-cable-glands-for-cables-with-connectors","13":"product_tag-waterproof-cable-gland-connectors","15":"first","16":"instock","17":"featured","18":"shipping-taxable","19":"product-type-simple","20":"entry","21":"content-bg","22":"loop-entry"},"_links":{"self":[{"href":"https:\/\/cagland.com\/da\/wp-json\/wp\/v2\/product\/572","targetHints":{"allow":["GET"]}}],"collection":[{"href":"https:\/\/cagland.com\/da\/wp-json\/wp\/v2\/product"}],"about":[{"href":"https:\/\/cagland.com\/da\/wp-json\/wp\/v2\/types\/product"}],"version-history":[{"count":0,"href":"https:\/\/cagland.com\/da\/wp-json\/wp\/v2\/product\/572\/revisions"}],"wp:featuredmedia":[{"embeddable":true,"href":"https:\/\/cagland.com\/da\/wp-json\/wp\/v2\/media\/580"}],"wp:attachment":[{"href":"https:\/\/cagland.com\/da\/wp-json\/wp\/v2\/media?parent=572"}],"wp:term":[{"taxonomy":"product_brand","embeddable":true,"href":"https:\/\/cagland.com\/da\/wp-json\/wp\/v2\/product_brand?post=572"},{"taxonomy":"product_cat","embeddable":true,"href":"https:\/\/cagland.com\/da\/wp-json\/wp\/v2\/product_cat?post=572"},{"taxonomy":"product_tag","embeddable":true,"href":"https:\/\/cagland.com\/da\/wp-json\/wp\/v2\/product_tag?post=572"}],"curies":[{"name":"wp","href":"https:\/\/api.w.org\/{rel}","templated":true}]}}