{"id":564,"date":"2022-06-01T21:21:52","date_gmt":"2022-06-01T13:21:52","guid":{"rendered":"https:\/\/cagland.com\/?post_type=product&#038;p=564"},"modified":"2023-04-26T22:02:30","modified_gmt":"2023-04-26T14:02:30","slug":"nylon-ul-approved-cable-glands-pg-metric-npt-g","status":"publish","type":"product","link":"https:\/\/cagland.com\/da\/product\/nylon-ul-approved-cable-glands-pg-metric-npt-g\/","title":{"rendered":"DM kabelforskruning"},"content":{"rendered":"","protected":false},"excerpt":{"rendered":"<p>DM kabelforskruninger er en af <strong><a href=\"https:\/\/en.wikipedia.org\/wiki\/UL_(safety_organization)\" target=\"_blank\" rel=\"noopener\">UL godkendt<\/a> kabelforskruninger<\/strong>, de er designet til at give enest\u00e5ende ydeevne og beskyttelse til dine kabler og ledninger. Disse <a href=\"https:\/\/cagland.com\/da\/what-is-a-cable-gland-your-best-choice\/\" target=\"_blank\" rel=\"noopener\">kabelforskruninger<\/a> fremstilles p\u00e5 vores fabrik, som har UL-certificering for metriske, PG, G og NPT kabelforskruninger, hvilket sikrer, at de opfylder strenge sikkerheds- og kvalitetsstandarder.<\/p>\n<p>En af de i\u00f8jnefaldende egenskaber ved DM-kabelforskruninger er deres UL-eksplosionssikre klassificering, hvilket g\u00f8r dem ideelle til brug i farlige milj\u00f8er, hvor der er br\u00e6ndbare gasser eller st\u00f8v til stede. Disse UL-godkendte kabelforskruninger er blevet grundigt testet for at sikre, at de kan modst\u00e5 de h\u00e5rdeste forhold og yde p\u00e5lidelig beskyttelse mod eksplosioner.<\/p>\n<p>Ud over deres eksplosionssikre vurdering er DM kabelforskruninger ogs\u00e5 holdbare og st\u00f8vt\u00e6tte, hvilket giver fremragende beskyttelse af dine kabler og ledninger. De er konstrueret af materialer af h\u00f8j kvalitet, der er designet til at modst\u00e5 barske milj\u00f8er, hvilket sikrer, at dine kabler forbliver sikre og sikre til enhver tid.<\/p>\n<p>P\u00e5 trods af deres imponerende funktioner er DM-kabelforskruninger tilg\u00e6ngelige til en overkommelig pris, hvilket g\u00f8r dem til et fremragende valg for virksomheder, der leder efter en omkostningseffektiv l\u00f8sning. De er UL-godkendte nylon kabelforskruninger, hvilket betyder, at de opfylder strenge sikkerheds- og kvalitetsstandarder fastsat af Underwriters Laboratories.<\/p>\n<p>Endelig er DM kabelforskruninger fremstillet af UL-godkendt nylon PA66 PVC nylon, som er et materiale af h\u00f8j kvalitet, der er kendt for sin holdbarhed og styrke. Dette sikrer, at dine kabler og ledninger er beskyttet mod skader og sikrer langsigtet p\u00e5lidelighed for dine elektriske installationer.<\/p>","protected":false},"featured_media":570,"template":"","meta":{"_kad_post_transparent":"default","_kad_post_title":"","_kad_post_layout":"default","_kad_post_sidebar_id":"","_kad_post_content_style":"default","_kad_post_vertical_padding":"default","_kad_post_feature":"","_kad_post_feature_position":"","_kad_post_header":false,"_kad_post_footer":false,"_kad_post_classname":""},"product_brand":[],"product_cat":[20,21],"product_tag":[537,533,535,536,166,538,532,534],"class_list":{"0":"post-564","1":"product","2":"type-product","3":"status-publish","4":"has-post-thumbnail","6":"product_cat-cable-gland","7":"product_cat-plastic-water-proof-cable-gland","8":"product_tag-best-price-ul-approved-nylon-cable-gland","9":"product_tag-cable-gland-certification","10":"product_tag-durable-and-dustproof-ul-approved-cable-gland","11":"product_tag-north-american-cable-glands","12":"product_tag-ul-approved-cable-glands","13":"product_tag-ul-approved-nylon-pa66-pvc-nylon-cable-gland","14":"product_tag-ul-csa-approved-products","15":"product_tag-ul-explosion-proof-cable-glands","17":"first","18":"instock","19":"shipping-taxable","20":"product-type-simple","21":"entry","22":"content-bg","23":"loop-entry"},"_links":{"self":[{"href":"https:\/\/cagland.com\/da\/wp-json\/wp\/v2\/product\/564","targetHints":{"allow":["GET"]}}],"collection":[{"href":"https:\/\/cagland.com\/da\/wp-json\/wp\/v2\/product"}],"about":[{"href":"https:\/\/cagland.com\/da\/wp-json\/wp\/v2\/types\/product"}],"version-history":[{"count":0,"href":"https:\/\/cagland.com\/da\/wp-json\/wp\/v2\/product\/564\/revisions"}],"wp:featuredmedia":[{"embeddable":true,"href":"https:\/\/cagland.com\/da\/wp-json\/wp\/v2\/media\/570"}],"wp:attachment":[{"href":"https:\/\/cagland.com\/da\/wp-json\/wp\/v2\/media?parent=564"}],"wp:term":[{"taxonomy":"product_brand","embeddable":true,"href":"https:\/\/cagland.com\/da\/wp-json\/wp\/v2\/product_brand?post=564"},{"taxonomy":"product_cat","embeddable":true,"href":"https:\/\/cagland.com\/da\/wp-json\/wp\/v2\/product_cat?post=564"},{"taxonomy":"product_tag","embeddable":true,"href":"https:\/\/cagland.com\/da\/wp-json\/wp\/v2\/product_tag?post=564"}],"curies":[{"name":"wp","href":"https:\/\/api.w.org\/{rel}","templated":true}]}}