{"id":547,"date":"2022-06-01T20:32:44","date_gmt":"2022-06-01T12:32:44","guid":{"rendered":"https:\/\/cagland.com\/?post_type=product&#038;p=547"},"modified":"2023-04-26T20:37:56","modified_gmt":"2023-04-26T12:37:56","slug":"dual-abs-solar-cable-entry-gland-nylon-m25","status":"publish","type":"product","link":"https:\/\/cagland.com\/da\/product\/dual-abs-solar-cable-entry-gland-nylon-m25\/","title":{"rendered":"SM Kabelforskruning"},"content":{"rendered":"","protected":false},"excerpt":{"rendered":"<p>EN <a href=\"https:\/\/cagland.com\/da\/what-is-a-cable-gland-your-best-choice\/\" target=\"_blank\" rel=\"noopener\"><strong>kabelindf\u00f8ringsforskruning<\/strong><\/a> er en vital komponent, der bruges til at give en sikker og p\u00e5lidelig t\u00e6tning omkring kabler, n\u00e5r de passerer gennem et kabinet. Den er designet til at beskytte kabler mod skader for\u00e5rsaget af milj\u00f8faktorer s\u00e5som fugt, st\u00f8v og ekstreme temperaturer. Den st\u00f8rste fordel ved kabelgennemf\u00f8ringsforskruninger er, at de giver en enkel og effektiv m\u00e5de at f\u00f8re kabler gennem v\u00e6gge, lofter eller andre barrierer, mens de bevarer en vandt\u00e6t forsegling.<\/p>\n<p>I industrielle applikationer bruges kabelindf\u00f8ringsforskruninger almindeligvis til at beskytte elektriske, data- og kommunikationskabler. Specifikt til solenergiapplikationer er solcellekabelindf\u00f8ringsforskruningen en specialiseret version, der er optimeret til brug med solcellekabler (PV). Disse kirtler har et unikt design, der giver mulighed for nem installation, selv i udfordrende udend\u00f8rs milj\u00f8er. De er v\u00e6sentlige komponenter, der sikrer sikker og p\u00e5lidelig transmission af str\u00f8m fra solpanelerne til inverteren og elnettet.<\/p>\n<p>Kabelgennemf\u00f8ringens hoveddel er lavet af <a href=\"https:\/\/en.wikipedia.org\/wiki\/Electroless_nickel-phosphorus_plating\" target=\"_blank\" rel=\"noopener\">forniklet messing<\/a>, som giver fremragende korrosionsbestandighed og holdbarhed. Klemmestykkerne er lavet af UL godkendt nylon PA, som er et st\u00e6rkt og let materiale, der modst\u00e5r slag, slid og kemikalier. O-t\u00e6tningen er lavet af nitrilbutadiengummi (NBR) og vejrbestandig gummi (EPDM), hvilket giver fremragende t\u00e6tnings- og vejrbestandighedsegenskaber.<\/p>\n<p>Kabelindf\u00f8ringsforskruningen f\u00e5s i forskellige gevindspecifikationer, inklusive metrisk, PG, G og NPT, hvilket g\u00f8r det nemt at integrere med forskellige typer kabinetter. Den kan modst\u00e5 en lang r\u00e6kke temperaturer, fra -40\u00b0C til 100\u00b0C i statisk tilstand, med \u00f8jeblikkelig varmebestandighed op til 120\u00b0C. I en dynamisk tilstand kan kirtlen t\u00e5le temperaturer fra -20\u00b0C til 80\u00b0C, med \u00f8jeblikkelig varmebestandighed op til 100\u00b0C. Derudover har kabelgennemf\u00f8ringsforskruningen et IP68-beskyttelsesniveau ved brug af O-forsegling, hvilket sikrer p\u00e5lidelig beskyttelse mod st\u00f8v og vandindtr\u00e6ngning.<\/p>\n<p>Sammenfattende er kabelindf\u00f8ringsforskruningen en kritisk komponent i enhver industriel indstilling, der kr\u00e6ver en sikker og p\u00e5lidelig t\u00e6tning omkring kabler. Solar kabelindf\u00f8ringsforskruningen er en specialiseret version, der er optimeret til brug i solenergiapplikationer, med funktioner som et unikt design, vejrbestandige materialer og forskellige gevindspecifikationer. Dens p\u00e5lidelige t\u00e6tnings- og beskyttelsesegenskaber g\u00f8r den til en v\u00e6sentlig komponent for at sikre sikker og p\u00e5lidelig transmission af str\u00f8m i solcelleanl\u00e6g.<\/p>","protected":false},"featured_media":554,"template":"","meta":{"_kad_post_transparent":"default","_kad_post_title":"","_kad_post_layout":"default","_kad_post_sidebar_id":"","_kad_post_content_style":"default","_kad_post_vertical_padding":"default","_kad_post_feature":"","_kad_post_feature_position":"","_kad_post_header":false,"_kad_post_footer":false,"_kad_post_classname":""},"product_brand":[],"product_cat":[20,21],"product_tag":[544,540,546,541,542,547,545,539,543],"class_list":{"0":"post-547","1":"product","2":"type-product","3":"status-publish","4":"has-post-thumbnail","6":"product_cat-cable-gland","7":"product_cat-plastic-water-proof-cable-gland","8":"product_tag-abs-black-solar-cable-entry-gland","9":"product_tag-cable-entry-gland","10":"product_tag-cable-entry-gland-for-roof-plate","11":"product_tag-dual-gland-solar-cabling-entry-point","12":"product_tag-solar-cable-entry-gland","13":"product_tag-solar-single-cable-entry-gland","14":"product_tag-waterproof-double-cable-entry-gland","15":"product_tag-white-abs-solar-cable-entry","16":"product_tag-white-abs-solar-cable-entry-point","18":"first","19":"instock","20":"shipping-taxable","21":"product-type-simple","22":"entry","23":"content-bg","24":"loop-entry"},"_links":{"self":[{"href":"https:\/\/cagland.com\/da\/wp-json\/wp\/v2\/product\/547","targetHints":{"allow":["GET"]}}],"collection":[{"href":"https:\/\/cagland.com\/da\/wp-json\/wp\/v2\/product"}],"about":[{"href":"https:\/\/cagland.com\/da\/wp-json\/wp\/v2\/types\/product"}],"version-history":[{"count":0,"href":"https:\/\/cagland.com\/da\/wp-json\/wp\/v2\/product\/547\/revisions"}],"wp:featuredmedia":[{"embeddable":true,"href":"https:\/\/cagland.com\/da\/wp-json\/wp\/v2\/media\/554"}],"wp:attachment":[{"href":"https:\/\/cagland.com\/da\/wp-json\/wp\/v2\/media?parent=547"}],"wp:term":[{"taxonomy":"product_brand","embeddable":true,"href":"https:\/\/cagland.com\/da\/wp-json\/wp\/v2\/product_brand?post=547"},{"taxonomy":"product_cat","embeddable":true,"href":"https:\/\/cagland.com\/da\/wp-json\/wp\/v2\/product_cat?post=547"},{"taxonomy":"product_tag","embeddable":true,"href":"https:\/\/cagland.com\/da\/wp-json\/wp\/v2\/product_tag?post=547"}],"curies":[{"name":"wp","href":"https:\/\/api.w.org\/{rel}","templated":true}]}}