{"id":538,"date":"2022-06-01T13:57:57","date_gmt":"2022-06-01T05:57:57","guid":{"rendered":"https:\/\/cagland.com\/?post_type=product&#038;p=538"},"modified":"2023-04-26T22:00:08","modified_gmt":"2023-04-26T14:00:08","slug":"plastic-cable-gland-g-type-cheapest","status":"publish","type":"product","link":"https:\/\/cagland.com\/da\/product\/plastic-cable-gland-g-type-cheapest\/","title":{"rendered":"G Kabelforskruning"},"content":{"rendered":"","protected":false},"excerpt":{"rendered":"<p>Med hensyn til G-type plastik <a href=\"https:\/\/cagland.com\/da\/what-is-a-cable-gland-your-best-choice\/\" target=\"_blank\" rel=\"noopener\">kabelforskruning<\/a>, I Unified Thread Standard repr\u00e6senterer bogstavet G typisk tr\u00e5dspecifikationen. Specifikt bruges G-type plastikkabelforskruninger ofte til at beskrive gevindtypen og dens parametre, s\u00e5som stigning og nominel diameter. Betydningen af G kan variere lidt afh\u00e6ngigt af typen af tr\u00e5d, s\u00e5 en specifik analyse er n\u00f8dvendig. For eksempel i Unified Coarse Thread (UNC) repr\u00e6senterer G det reciproke forhold mellem nominel diameter og stigning, mens G i Unified Fine Thread (UNF) repr\u00e6senterer det reciproke forhold mellem nominel diameter og stigning minus 0,099.<\/p>\n<p>St\u00f8rrelsen af <a href=\"https:\/\/en.wikipedia.org\/wiki\/British_Standard_Pipe\" target=\"_blank\" rel=\"noopener\">G tr\u00e5d<\/a> er angivet med et tal, der repr\u00e6senterer tr\u00e5dens diameter i millimeter. For eksempel har en G1\/2 kabelforskruning en gevinddiameter p\u00e5 12,5 mm, mens en G3\/4 kabelforskruning har en gevinddiameter p\u00e5 19 mm.<\/p>\n<p>G-gevindet har en 60-graders gevindvinkel og en cylindrisk form. Den er designet til at give en sikker og p\u00e5lidelig forbindelse mellem kabelforskruningen og udstyret eller kabinettet, samt at forhindre st\u00f8v, vand og andre forurenende stoffer i at tr\u00e6nge ind i kabinettet.<\/p>","protected":false},"featured_media":540,"template":"","meta":{"_kad_post_transparent":"default","_kad_post_title":"","_kad_post_layout":"default","_kad_post_sidebar_id":"","_kad_post_content_style":"default","_kad_post_vertical_padding":"default","_kad_post_feature":"","_kad_post_feature_position":"","_kad_post_header":false,"_kad_post_footer":false,"_kad_post_classname":""},"product_brand":[],"product_cat":[20,21],"product_tag":[482,477,475,478,476,481,474,480,483,479],"class_list":{"0":"post-538","1":"product","2":"type-product","3":"status-publish","4":"has-post-thumbnail","6":"product_cat-cable-gland","7":"product_cat-plastic-water-proof-cable-gland","8":"product_tag-black-nylon-cable-gland","9":"product_tag-british-general-plastic-cable-gland","10":"product_tag-cable-gland-plastic","11":"product_tag-nylon-cable-gands","12":"product_tag-nylon-flexible-cable-gland","13":"product_tag-plastic-cable-gland-connector","14":"product_tag-plastic-cable-glands","15":"product_tag-polyamide-cable-gland","16":"product_tag-ul-nylon-cable-gland","17":"product_tag-wholesale-cable-glands","19":"first","20":"instock","21":"shipping-taxable","22":"product-type-simple","23":"entry","24":"content-bg","25":"loop-entry"},"_links":{"self":[{"href":"https:\/\/cagland.com\/da\/wp-json\/wp\/v2\/product\/538","targetHints":{"allow":["GET"]}}],"collection":[{"href":"https:\/\/cagland.com\/da\/wp-json\/wp\/v2\/product"}],"about":[{"href":"https:\/\/cagland.com\/da\/wp-json\/wp\/v2\/types\/product"}],"version-history":[{"count":0,"href":"https:\/\/cagland.com\/da\/wp-json\/wp\/v2\/product\/538\/revisions"}],"wp:featuredmedia":[{"embeddable":true,"href":"https:\/\/cagland.com\/da\/wp-json\/wp\/v2\/media\/540"}],"wp:attachment":[{"href":"https:\/\/cagland.com\/da\/wp-json\/wp\/v2\/media?parent=538"}],"wp:term":[{"taxonomy":"product_brand","embeddable":true,"href":"https:\/\/cagland.com\/da\/wp-json\/wp\/v2\/product_brand?post=538"},{"taxonomy":"product_cat","embeddable":true,"href":"https:\/\/cagland.com\/da\/wp-json\/wp\/v2\/product_cat?post=538"},{"taxonomy":"product_tag","embeddable":true,"href":"https:\/\/cagland.com\/da\/wp-json\/wp\/v2\/product_tag?post=538"}],"curies":[{"name":"wp","href":"https:\/\/api.w.org\/{rel}","templated":true}]}}