{"id":530,"date":"2022-06-01T12:30:24","date_gmt":"2022-06-01T04:30:24","guid":{"rendered":"https:\/\/cagland.com\/?post_type=product&#038;p=530"},"modified":"2023-04-26T21:51:12","modified_gmt":"2023-04-26T13:51:12","slug":"npt-cable-glands-thread-types-best-nylon","status":"publish","type":"product","link":"https:\/\/cagland.com\/da\/product\/npt-cable-glands-thread-types-best-nylon\/","title":{"rendered":"NPT kabelforskruning"},"content":{"rendered":"","protected":false},"excerpt":{"rendered":"<p>An <strong>NPT kabelforskruning<\/strong> er en type <a href=\"https:\/\/cagland.com\/da\/what-is-a-cable-gland-your-best-choice\/\" target=\"_blank\" rel=\"noopener\">kabelforskruning<\/a> bruges til at sikre og forsegle elektriske kabler, der passerer gennem et kabinet eller et panel. Udtrykket &quot;NPT&quot; st\u00e5r for National Pipe Taper, som refererer til den amerikanske standard for koniske gevind, der anvendes p\u00e5 r\u00f8r og fittings. Disse kabelforskruninger er designet med et konisk gevind, der g\u00f8r det nemt at skrue dem ind i kabinetter eller paneler med tilsvarende gevind.<\/p>\n<p>NPT kabelforskruninger er lavet af materialer af h\u00f8j kvalitet s\u00e5som nylon og nylon PA6 PP, disse kabelforskruninger kan modst\u00e5 arbejdstemperaturer fra -40 \u2103 til 100 \u2103 med kortvarige temperaturtolerancer p\u00e5 op til 120 \u2103. De er en IP68 vandt\u00e6t klassificering, disse kabelforskruninger er i stand til at beskytte dine kabler og udstyr mod de h\u00e5rdeste milj\u00f8er.<\/p>\n<p>En af n\u00f8glefunktionerne i <a href=\"https:\/\/en.wikipedia.org\/wiki\/National_pipe_thread\" target=\"_blank\" rel=\"noopener\">NPT gevindkabel<\/a> kirtler er deres tilpasningsmuligheder. Disse kabelforskruninger kan tilpasses til at opfylde dine specifikke krav, herunder st\u00f8rrelsen og formen af kabelindgangspunktet, gevindtypen og antallet af indgangspunkter. Derudover kan de produceres i en r\u00e6kke forskellige farver, herunder gr\u00e5, sort, hvid og r\u00f8d.<\/p>\n<p>For yderligere at personligg\u00f8re disse kabelforskruninger kan de ogs\u00e5 m\u00e6rkes med OEM-etiketter, s\u00e5 du kan promovere dit brand og opretholde ensartet branding i hele dit udstyr. Samlet set er NPT-gevindkabelforskruningerne et glimrende valg for alle, der leder efter en tilpasselig, vandt\u00e6t og industriel l\u00f8sning til kabelstyring.<\/p>","protected":false},"featured_media":537,"template":"","meta":{"_kad_post_transparent":"default","_kad_post_title":"","_kad_post_layout":"default","_kad_post_sidebar_id":"","_kad_post_content_style":"default","_kad_post_vertical_padding":"default","_kad_post_feature":"","_kad_post_feature_position":"","_kad_post_header":false,"_kad_post_footer":false,"_kad_post_classname":""},"product_brand":[],"product_cat":[20,21],"product_tag":[449,452,443,448,455,453,445,127,125,447],"class_list":{"0":"post-530","1":"product","2":"type-product","3":"status-publish","4":"has-post-thumbnail","6":"product_cat-cable-gland","7":"product_cat-plastic-water-proof-cable-gland","8":"product_tag-cable-gland-with-npt-threads","9":"product_tag-explosion-proof-cable-gland-npt-thread","10":"product_tag-npt-cable-gland","11":"product_tag-npt-nylon-cable-glands","12":"product_tag-npt-standard-cable-glands","13":"product_tag-npt-strain-relief-cable-glands","14":"product_tag-npt-thread-cable-gland","15":"product_tag-npt-thread-cable-glands","16":"product_tag-npt-thread-glands","17":"product_tag-npt-thread-type-cable-gland","19":"first","20":"instock","21":"shipping-taxable","22":"product-type-simple","23":"entry","24":"content-bg","25":"loop-entry"},"_links":{"self":[{"href":"https:\/\/cagland.com\/da\/wp-json\/wp\/v2\/product\/530","targetHints":{"allow":["GET"]}}],"collection":[{"href":"https:\/\/cagland.com\/da\/wp-json\/wp\/v2\/product"}],"about":[{"href":"https:\/\/cagland.com\/da\/wp-json\/wp\/v2\/types\/product"}],"version-history":[{"count":0,"href":"https:\/\/cagland.com\/da\/wp-json\/wp\/v2\/product\/530\/revisions"}],"wp:featuredmedia":[{"embeddable":true,"href":"https:\/\/cagland.com\/da\/wp-json\/wp\/v2\/media\/537"}],"wp:attachment":[{"href":"https:\/\/cagland.com\/da\/wp-json\/wp\/v2\/media?parent=530"}],"wp:term":[{"taxonomy":"product_brand","embeddable":true,"href":"https:\/\/cagland.com\/da\/wp-json\/wp\/v2\/product_brand?post=530"},{"taxonomy":"product_cat","embeddable":true,"href":"https:\/\/cagland.com\/da\/wp-json\/wp\/v2\/product_cat?post=530"},{"taxonomy":"product_tag","embeddable":true,"href":"https:\/\/cagland.com\/da\/wp-json\/wp\/v2\/product_tag?post=530"}],"curies":[{"name":"wp","href":"https:\/\/api.w.org\/{rel}","templated":true}]}}