{"id":519,"date":"2022-06-01T10:29:07","date_gmt":"2022-06-01T02:29:07","guid":{"rendered":"https:\/\/cagland.com\/?post_type=product&#038;p=519"},"modified":"2023-04-26T21:51:31","modified_gmt":"2023-04-26T13:51:31","slug":"pg7-cable-gland-best-nylon-ip68-waterproof","status":"publish","type":"product","link":"https:\/\/cagland.com\/da\/product\/pg7-cable-gland-best-nylon-ip68-waterproof\/","title":{"rendered":"PG Kabelforskruning"},"content":{"rendered":"","protected":false},"excerpt":{"rendered":"<p>En PG <a href=\"https:\/\/cagland.com\/da\/what-is-a-cable-gland-your-best-choice\/\" target=\"_blank\" rel=\"noopener\">kabelforskruning<\/a> er en enhed, der bruges til at fastg\u00f8re og fastg\u00f8re et elektrisk kabel til et kabinet eller et stykke udstyr. Udtrykket &quot;PG&quot; st\u00e5r for &quot;<a href=\"https:\/\/de.wikipedia.org\/wiki\/Stahlpanzerrohrgewinde\" target=\"_blank\" rel=\"noopener\">PanzerGewinde<\/a>,\u201d som er det tyske ord for pansertr\u00e5d. Disse forskruninger er designet til at give en sikker og p\u00e5lidelig forbindelse, samt beskytte kablet mod st\u00f8v, snavs og fugt.<\/p>\n<p>En af de mest almindelige typer PG kabelforskruninger er pg7 kabelforskruningen. Denne st\u00f8rrelse bruges typisk med mindre kabler, s\u00e5som dem, der findes i kontrolpaneler eller instrumenteringsapplikationer. Pg7-forskruningen har en gevindkrave, der skrues p\u00e5 kabinettet eller udstyret, mens den ogs\u00e5 komprimerer en gummit\u00e6tning omkring kablet for at skabe en vandt\u00e6t t\u00e6tning.<\/p>\n<p>N\u00e5r du v\u00e6lger en pg7 kabelforskruning til din applikation, er det vigtigt at overveje faktorer som materialekompatibilitet, temperaturomr\u00e5de og milj\u00f8forhold. Du skal muligvis ogs\u00e5 v\u00e6lge mellem standard- eller EMC-versioner afh\u00e6ngigt af dine specifikke krav. Samlet set tilbyder PG kabelforskruninger en enkel, men effektiv l\u00f8sning til at sikre dine kabler og beskytte dem mod udvendige elementer.<\/p>\n<p>Vores fabrik tilbyder OEM-service, <a href=\"https:\/\/en.wikipedia.org\/wiki\/Panzergewinde\" target=\"_blank\" rel=\"noopener\">PG kabelforskruninger<\/a> er lavet af h\u00f8jkvalitets nylon, PA6, PP, messing, pvc og andre tilpassede materialer, kan disse kabelforskruninger modst\u00e5 temperaturer fra -40 \u2103 til 100 \u2103 (med kortvarig brug op til 120 \u2103). De f\u00e5s i en r\u00e6kke tilpassede farver, herunder gr\u00e5, sort, hvid, r\u00f8d og andre tilpassede farver, hvilket g\u00f8r det nemt at matche dine kabelforskruninger til dit udstyr eller maskineri.<\/p>\n<p>PG kabelforskruninger f\u00e5s i forskellige st\u00f8rrelser og kan tilpasses til dine specifikke krav.<\/p>","protected":false},"featured_media":526,"template":"","meta":{"_kad_post_transparent":"default","_kad_post_title":"","_kad_post_layout":"default","_kad_post_sidebar_id":"","_kad_post_content_style":"default","_kad_post_vertical_padding":"default","_kad_post_feature":"","_kad_post_feature_position":"","_kad_post_header":false,"_kad_post_footer":false,"_kad_post_classname":""},"product_brand":[],"product_cat":[20,21],"product_tag":[467,472,468,465,462,459,457,458,461,464,469,471,463,470,466,456,460,116,103,473],"class_list":{"0":"post-519","1":"product","2":"type-product","3":"status-publish","4":"has-post-thumbnail","6":"product_cat-cable-gland","7":"product_cat-plastic-water-proof-cable-gland","8":"product_tag-black-waterproof-connectors-pg7-cable-glands","9":"product_tag-brass-cable-gland-pg7","10":"product_tag-cable-gland-nylon-pg7","11":"product_tag-cable-glands-pg-thread-pg7","12":"product_tag-cable-glands-pg7-thread","13":"product_tag-pg-cable-gland","14":"product_tag-pg11-cable-gland","15":"product_tag-pg16-cable-gland","16":"product_tag-pg7-black-nylon-cable-glands","17":"product_tag-pg7-black-polyamide","18":"product_tag-pg7-brass-cable-gland","19":"product_tag-pg7-cable-gland-connector","20":"product_tag-pg7-ip68-waterproof-nylon-plastic-cable-gland","21":"product_tag-pg7-liquid-tight-cable-gland","22":"product_tag-pg7-nylon-cable-gands","23":"product_tag-pg7-nylon-waterproof-cable-glands","24":"product_tag-pg7-plastic-cable-gland","25":"product_tag-pg9-cable-gland","26":"product_tag-polymer-cable-gland-pg7-grey","27":"product_tag-pvc-cable-gland-pg7","29":"first","30":"instock","31":"featured","32":"shipping-taxable","33":"product-type-simple","34":"entry","35":"content-bg","36":"loop-entry"},"_links":{"self":[{"href":"https:\/\/cagland.com\/da\/wp-json\/wp\/v2\/product\/519","targetHints":{"allow":["GET"]}}],"collection":[{"href":"https:\/\/cagland.com\/da\/wp-json\/wp\/v2\/product"}],"about":[{"href":"https:\/\/cagland.com\/da\/wp-json\/wp\/v2\/types\/product"}],"version-history":[{"count":0,"href":"https:\/\/cagland.com\/da\/wp-json\/wp\/v2\/product\/519\/revisions"}],"wp:featuredmedia":[{"embeddable":true,"href":"https:\/\/cagland.com\/da\/wp-json\/wp\/v2\/media\/526"}],"wp:attachment":[{"href":"https:\/\/cagland.com\/da\/wp-json\/wp\/v2\/media?parent=519"}],"wp:term":[{"taxonomy":"product_brand","embeddable":true,"href":"https:\/\/cagland.com\/da\/wp-json\/wp\/v2\/product_brand?post=519"},{"taxonomy":"product_cat","embeddable":true,"href":"https:\/\/cagland.com\/da\/wp-json\/wp\/v2\/product_cat?post=519"},{"taxonomy":"product_tag","embeddable":true,"href":"https:\/\/cagland.com\/da\/wp-json\/wp\/v2\/product_tag?post=519"}],"curies":[{"name":"wp","href":"https:\/\/api.w.org\/{rel}","templated":true}]}}